{"id":3888,"date":"2024-05-24T21:11:53","date_gmt":"2024-05-24T19:11:53","guid":{"rendered":"https:\/\/ungedient.de\/blog\/?page_id=3888"},"modified":"2024-05-24T23:12:42","modified_gmt":"2024-05-24T21:12:42","slug":"reservist-werden","status":"publish","type":"page","link":"https:\/\/ungedient.de\/blog\/reservist-werden\/","title":{"rendered":"Reise"},"content":{"rendered":"<div class=\"wpb-content-wrapper\">[vc_row][vc_column][vc_empty_space][vc_row_inner el_class=&#8220;toolhead&#8220;][vc_column_inner][vc_raw_html css=&#8220;&#8220;]JTNDZGl2JTIwY2xhc3MlM0QlMjJsb2dvJTIyJTNFJTNDYSUyMGhyZWYlM0QlMjJodHRwcyUzQSUyRiUyRnVuZ2VkaWVudC5kZSUyRmJsb2clMkYlMjIlM0UlM0NpbWclMjBzcmMlM0QlMjJodHRwcyUzQSUyRiUyRnVuZ2VkaWVudC5kZSUyRmJsb2clMkZ3cC1jb250ZW50JTJGdXBsb2FkcyUyRjIwMjMlMkYwMiUyRnVuZ2VkaWVudC1sb2dvLXctMS5zdmclMjIlMjBhbHQlM0QlMjJVTmdlZGllbnQuJTIyJTIwd2lkdGglM0QlMjIxNTglMjIlMjBoZWlnaHQlM0QlMjIwJTIyJTNFJTNDJTJGYSUzRSUzQyUyRmRpdiUzRQ==[\/vc_raw_html][\/vc_column_inner][\/vc_row_inner][vc_column_text css=&#8220;&#8220; el_class=&#8220;toolhead&#8220;]Hier erf\u00e4hrst du auf einer Seite das Wichtigste \u00fcber die \u201eAusbildung f\u00fcr Ungediente\u201c.[\/vc_column_text][vc_row_inner equal_height=&#8220;yes&#8220; content_placement=&#8220;top&#8220; gap=&#8220;15&#8243;][vc_column_inner width=&#8220;1\/2&#8243; el_id=&#8220;zeitstrahly&#8220; css=&#8220;.vc_custom_1716582329846{border-top-width: 2px !important;border-bottom-width: 2px !important;border-left-width: 2px !important;padding-right: 2px !important;background-color: rgba(0,0,0,0.15) !important;*background-color: rgb(0,0,0) !important;border-left-style: solid !important;border-top-style: solid !important;border-bottom-style: solid !important;border-radius: 15px !important;border-color: rgba(0,0,0,0.22) !important;}&#8220;][vc_column_text css_animation=&#8220;zoomIn&#8220; css=&#8220;.vc_custom_1716584975136{margin-top: -35px !important;margin-right: 0px !important;margin-bottom: 0px !important;margin-left: 0px !important;padding-top: 0px !important;padding-right: 0px !important;padding-bottom: 0px !important;padding-left: 0px !important;}&#8220;]\n<div id=\"zeitstrahlx\"><div><div id=\"image-map-pro-3b3d499a-da61-429b-873b-d427d157de48\"><\/div><\/div><\/div>\n[\/vc_column_text][\/vc_column_inner][vc_column_inner el_class=&#8220;coloa&#8220; width=&#8220;1\/2&#8243;][vc_column_text css=&#8220;&#8220;]\n<h2>WORUM GEHT ES?<\/h2>\n<p>Bei vielen Deutschen hat ein Umdenken stattgefunden. Die sicherheitspolitische Lage in Europa und der Welt hat sich ver\u00e4ndert. Viele B\u00fcrger*innen fragen sich daher, wie sie im Fall der F\u00e4lle das verteidigen k\u00f6nnen, was ihnen lieb und teuer ist.<\/p>\n<p>Die Bundeswehr bietet Interessierten die M\u00f6glichkeit, sich in rund 20 Tagen zum Reservisten ausbilden zu lassen. Das modulare Konzept wurde so entwickelt, dass es auch mit dem beruflichen und famili\u00e4ren Alltag der Rekrutinnen und Rekruten vereinbar ist.<\/p>\n<p>Nach der Ausbildung erfolgt die Weiterbildung in der Regel in den Heimatschutzkr\u00e4ften. Die regional verankerten Heimatschutzkompanien sind die milit\u00e4rische Heimat und halten die voll ausger\u00fcsteten Staatsb\u00fcrger*innen in Uniform in \u00dcbung.<\/p>\n<p>Rund 14 Tage im Jahr sollte man bereit sein, in seine pers\u00f6nliche Ausbildung zu investieren. Weder f\u00fcr den zivilen Arbeitgeber noch f\u00fcr die Reservistinnen und Reservisten entstehen Nachteile, da die Bundeswehr die Fortzahlung der Geh\u00e4lter und Lohnnebenkosten \u00fcbernimmt.[\/vc_column_text][vc_column_text css=&#8220;.vc_custom_1716585049585{margin-bottom: 35px !important;padding-top: 15px !important;padding-right: 15px !important;padding-bottom: 15px !important;padding-left: 15px !important;background-color: rgba(0,0,0,0.22) !important;*background-color: rgb(0,0,0) !important;border-radius: 15px !important;}&#8220;]Tippe einen <strong>Wegpunkt<\/strong>\u00a0an um mehr \u00fcber diese Station zu erfahren.[\/vc_column_text][vc_column_text css=&#8220;&#8220;]\n<h2>VIELE OFFENE FRAGEN?<\/h2>\n<p>Als \u201eUngediente\u201c oder \u201eUngedienter\u201c ist die Bundeswehr f\u00fcr dich wahrscheinlich Neuland und du hast viele offene Fragen. Hier ein paar Grundlagen, die dich sicher interessieren:<\/p>\n<h3>ZEIT?<\/h3>\n<p>Die Bl\u00f6cke der Grundausbildung dauern insgesamt ca. 20 Tage. Danach wirst du in deiner Heimatschutzkompanie weiter ausgebildet und in \u00dcbung gehalten. Du kannst zwischen einem Tag und 10 Monaten pro Jahr in der Reserve aktiv sein. Mindestens zwei Wochen j\u00e4hrlich solltest du aber aufbringen k\u00f6nnen und wollen.<\/p>\n<h3>GELD?<\/h3>\n<p>W\u00e4hrend des Dienstes als Reservist ruht dein Arbeitsverh\u00e4ltnis \u2013 du musst weder Urlaub nehmen noch \u00dcberstunden abbauen. Die Bundeswehr \u00fcbernimmt vom ersten Tag an die Lohn- und Gehaltsfortzahlung sowie alle Lohnnebenkosten. Beitr\u00e4ge zu einer betrieblichen Alters- oder Hinterbliebenenversorgung werden auf Antrag erstattet. Alternativ kannst du auch die steuerfreie Mindestleistung w\u00e4hlen. Sprich deinen Arbeitgeber auf dein Vorhaben an.[\/vc_column_text][\/vc_column_inner][\/vc_row_inner][vc_empty_space][vc_row_inner el_class=&#8220;coloa&#8220;][vc_column_inner width=&#8220;1\/2&#8243;][vc_column_text css=&#8220;&#8220;]\n<h2>BUNDESWEHR: HEIMATSCHUTZ<\/h2>\n<p>Der Heimatschutz der Bundeswehr hat eine gro\u00dfe Bedeutung f\u00fcr die Landes- und B\u00fcndnisverteidigung, aber auch f\u00fcr die Bew\u00e4ltigung von Katastrophen und Notlagen. In Zeiten erh\u00f6hter Bedrohung kann die Reserve mobilisiert werden, um einen schnellen Aufwuchs der Bundeswehr zu gew\u00e4hrleisten. Die Integration der Reserve in die Gesellschaft f\u00f6rdert das Verst\u00e4ndnis und die Akzeptanz f\u00fcr die Rolle der Streitkr\u00e4fte. Reservistinnen und Reservisten bringen ihre zivilen Erfahrungen und Perspektiven in die Bundeswehr ein und kehren mit neuen Kenntnissen und F\u00e4higkeiten in ihre Unternehmen zur\u00fcck.[\/vc_column_text][\/vc_column_inner][vc_column_inner width=&#8220;1\/2&#8243;][vc_column_text css=&#8220;&#8220;]\n<h2>RESERVISTENVERBAND<\/h2>\n<p>Der \u00fcberparteiliche Verband vertritt die freiheitlich-demokratische Grundordnung der Bundesrepublik Deutschland und erf\u00fcllt einen parlamentarischen Auftrag. Im Fokus stehen die Mittlerrolle zwischen Bundeswehr und Gesellschaft, die sicherheitspolitische Bewusstseinsbildung sowie die Aus- und Weiterbildung milit\u00e4rischer F\u00e4higkeiten. Die Gliederungen des Verbandes bieten vor allem Veranstaltungen nach dem Prinzip \u201eReservisten bilden Reservisten aus\u201c an. <a href=\"https:\/\/www.reservistenverband.de\" target=\"_blank\" rel=\"noopener\">Mehr dazu\u2026<\/a>[\/vc_column_text][\/vc_column_inner][\/vc_row_inner][\/vc_column][\/vc_row][vc_row][vc_column][vc_masonry_grid post_type=&#8220;post&#8220; max_items=&#8220;-1&#8243; style=&#8220;load-more&#8220; items_per_page=&#8220;12&#8243; show_filter=&#8220;yes&#8220; gap=&#8220;15&#8243; filter_style=&#8220;bordered-rounded&#8220; filter_color=&#8220;white&#8220; item=&#8220;masonryGrid_FadeIn&#8220; initial_loading_animation=&#8220;fadeIn&#8220; css=&#8220;&#8220; grid_id=&#8220;vc_gid:1716585055876-246a3ca6-3277-5&#8243; filter_source=&#8220;category&#8220;][vc_empty_space][vc_raw_html css=&#8220;.vc_custom_1715809615091{margin-right: -10px !important;margin-left: -10px !important;padding-top: 10px !important;padding-right: 10px !important;padding-bottom: 10px !important;padding-left: 10px !important;background-color: rgba(0,0,0,0.14) !important;*background-color: rgb(0,0,0) !important;border-radius: 3px !important;}&#8220;]JTNDc3R5bGUlM0UubWVnYS1jdXJyZW50X3BhZ2VfaXRlbSUyQyUyMC5tZWdhLWN1cnJlbnRfcGFnZV9pdGVtJTIwYSUyMCU3QiUwQSUyMCUyMCUyMCUyMG9wYWNpdHklM0ElMjAwLjY1JTIxaW1wb3J0YW50JTNCJTBBJTIwJTIwJTIwJTIwY3Vyc29yJTNBJTIwbm90LWFsbG93ZWQlMjFpbXBvcnRhbnQlM0IlMEElMjAlMjAlMjAlMjBwb2ludGVyLWV2ZW50cyUzQSUyMG5vbmUlM0IlMEElN0QlM0MlMkZzdHlsZSUzRSUzQ2xpbmslMjByZWwlM0QlMjdzdHlsZXNoZWV0JTI3JTIwaWQlM0QlMjdlcGNsLWZvbnRhd2Vzb21lLWNzcyUyNyUyMGhyZWYlM0QlMjdodHRwcyUzQSUyRiUyRnVuZ2VkaWVudC5kZSUyRmJsb2clMkZ3cC1jb250ZW50JTJGdGhlbWVzJTJGYnJlZWslMkZhc3NldHMlMkZkaXN0JTJGZm9udGF3ZXNvbWUubWluLmNzcyUzRnZlciUzRDQuMC4wJTI3JTIwdHlwZSUzRCUyN3RleHQlMkZjc3MlMjclMjBtZWRpYSUzRCUyN2FsbCUyNyUyMCUyRiUzRSUzQ3AlMjBzdHlsZSUzRCUyMnRleHQtYWxpZ24lM0ElMjBjZW50ZXIlM0IlMjBjb2xvciUzQSUyMCUyM2ZmZiUzQiUyMiUzRSUzQ3N0cm9uZyUzRVdlaXRlcmUlMjBXZXJremV1Z2UlM0ElM0MlMkZzdHJvbmclM0UlMjAlNUJtYXhtZWdhbWVudSUyMGxvY2F0aW9uJTNEbWF4X21lZ2FfbWVudV8xJTVEJTNDJTJGcCUzRQ==[\/vc_raw_html][vc_raw_html css=&#8220;&#8220; el_class=&#8220;toolhead&#8220;]JTNDZGl2JTIwY2xhc3MlM0QlMjJwdWJsaXNoZWQlMjBib3JkZXItZWZmZWN0JTIyJTNFJTNDcCUyMHN0eWxlJTNEJTIydGV4dC1hbGlnbiUzQSUyMGNlbnRlciUyMiUzRURpZXMlMjBpc3QlMjBlaW5lJTIwcHJpdmF0ZSUyMFdlYnNpdGUuJTIwQWxsZSUyMEFuZ2FiZW4lMjBvaG5lJTIwR2V3JUMzJUE0aHIuJTIwJTNDYSUyMGhyZWYlM0QlMjJodHRwcyUzQSUyRiUyRnVuZ2VkaWVudC5kZSUyRmJsb2clMkZpbS14ZjFhcyUyRiUyMiUyMHRhcmdldCUzRCUyMl9ibGFuayUyMiUyMHJlbCUzRCUyMm5vb3BlbmVyJTIyJTNFSW1wcmVzc3VtJTIwJTdDJTIwRGF0ZW5zY2h1dHolM0MlMkZhJTNFJTNDJTJGcCUzRSUzQyUyRmRpdiUzRQ==[\/vc_raw_html][vc_empty_space][\/vc_column][\/vc_row]\n<\/div>","protected":false},"excerpt":{"rendered":"<p>[vc_row][vc_column][vc_empty_space][vc_row_inner el_class=&#8220;toolhead&#8220;][vc_column_inner][vc_raw_html css=&#8220;&#8220;]JTNDZGl2JTIwY2xhc3MlM0QlMjJsb2dvJTIyJTNFJTNDYSUyMGhyZWYlM0QlMjJodHRwcyUzQSUyRiUyRnVuZ2VkaWVudC5kZSUyRmJsb2clMkYlMjIlM0UlM0NpbWclMjBzcmMlM0QlMjJodHRwcyUzQSUyRiUyRnVuZ2VkaWVudC5kZSUyRmJsb2clMkZ3cC1jb250ZW50JTJGdXBsb2FkcyUyRjIwMjMlMkYwMiUyRnVuZ2VkaWVudC1sb2dvLXctMS5zdmclMjIlMjBhbHQlM0QlMjJVTmdlZGllbnQuJTIyJTIwd2lkdGglM0QlMjIxNTglMjIlMjBoZWlnaHQlM0QlMjIwJTIyJTNFJTNDJTJGYSUzRSUzQyUyRmRpdiUzRQ==[\/vc_raw_html][\/vc_column_inner][\/vc_row_inner][vc_column_text css=&#8220;&#8220; el_class=&#8220;toolhead&#8220;]Hier erf\u00e4hrst du auf einer Seite das Wichtigste \u00fcber die \u201eAusbildung f\u00fcr Ungediente\u201c.[\/vc_column_text][vc_row_inner equal_height=&#8220;yes&#8220; content_placement=&#8220;top&#8220; gap=&#8220;15&#8243;][vc_column_inner width=&#8220;1\/2&#8243; el_id=&#8220;zeitstrahly&#8220; css=&#8220;.vc_custom_1716582329846{border-top-width: 2px !important;border-bottom-width:&#8230;<\/p>\n","protected":false},"author":1,"featured_media":2506,"parent":0,"menu_order":0,"comment_status":"open","ping_status":"closed","template":"page-templates\/page-fullwidth.php","meta":{"_helpful_status":1,"inline_featured_image":false,"footnotes":""},"class_list":["post-3888","page","type-page","status-publish","has-post-thumbnail","hentry"],"acf":[],"yoast_head":"<!-- This site is optimized with the Yoast SEO plugin v27.5 - https:\/\/yoast.com\/product\/yoast-seo-wordpress\/ -->\n<title>Reise &#8226; UNgedient.<\/title>\n<meta name=\"robots\" content=\"index, follow, max-snippet:-1, max-image-preview:large, max-video-preview:-1\" \/>\n<link rel=\"canonical\" href=\"https:\/\/ungedient.de\/blog\/reservist-werden\/\" \/>\n<meta property=\"og:locale\" content=\"de_DE\" \/>\n<meta property=\"og:type\" content=\"article\" \/>\n<meta property=\"og:title\" content=\"Reise &#8226; UNgedient.\" \/>\n<meta property=\"og:description\" content=\"[vc_row][vc_column][vc_empty_space][vc_row_inner el_class=&#8220;toolhead&#8220;][vc_column_inner][vc_raw_html css=&#8220;&#8220;]JTNDZGl2JTIwY2xhc3MlM0QlMjJsb2dvJTIyJTNFJTNDYSUyMGhyZWYlM0QlMjJodHRwcyUzQSUyRiUyRnVuZ2VkaWVudC5kZSUyRmJsb2clMkYlMjIlM0UlM0NpbWclMjBzcmMlM0QlMjJodHRwcyUzQSUyRiUyRnVuZ2VkaWVudC5kZSUyRmJsb2clMkZ3cC1jb250ZW50JTJGdXBsb2FkcyUyRjIwMjMlMkYwMiUyRnVuZ2VkaWVudC1sb2dvLXctMS5zdmclMjIlMjBhbHQlM0QlMjJVTmdlZGllbnQuJTIyJTIwd2lkdGglM0QlMjIxNTglMjIlMjBoZWlnaHQlM0QlMjIwJTIyJTNFJTNDJTJGYSUzRSUzQyUyRmRpdiUzRQ==[\/vc_raw_html][\/vc_column_inner][\/vc_row_inner][vc_column_text css=&#8220;&#8220; el_class=&#8220;toolhead&#8220;]Hier erf\u00e4hrst du auf einer Seite das Wichtigste \u00fcber die \u201eAusbildung f\u00fcr Ungediente\u201c.[\/vc_column_text][vc_row_inner equal_height=&#8220;yes&#8220; content_placement=&#8220;top&#8220; gap=&#8220;15&#8243;][vc_column_inner width=&#8220;1\/2&#8243; el_id=&#8220;zeitstrahly&#8220; css=&#8220;.vc_custom_1716582329846{border-top-width: 2px !important;border-bottom-width:...\" \/>\n<meta property=\"og:url\" content=\"https:\/\/ungedient.de\/blog\/reservist-werden\/\" \/>\n<meta property=\"og:site_name\" content=\"UNgedient.\" \/>\n<meta property=\"article:publisher\" content=\"https:\/\/www.facebook.com\/fuchs52y\" \/>\n<meta property=\"article:modified_time\" content=\"2024-05-24T21:12:42+00:00\" \/>\n<meta property=\"og:image\" content=\"https:\/\/ungedient.de\/blog\/wp-content\/uploads\/2023\/08\/titelbildblog.jpg\" \/>\n\t<meta property=\"og:image:width\" content=\"1200\" \/>\n\t<meta property=\"og:image:height\" content=\"675\" \/>\n\t<meta property=\"og:image:type\" content=\"image\/jpeg\" \/>\n<meta name=\"twitter:card\" content=\"summary_large_image\" \/>\n<meta name=\"twitter:label1\" content=\"Gesch\u00e4tzte Lesezeit\" \/>\n\t<meta name=\"twitter:data1\" content=\"4\u00a0Minuten\" \/>\n<script type=\"application\/ld+json\" class=\"yoast-schema-graph\">{\"@context\":\"https:\\\/\\\/schema.org\",\"@graph\":[{\"@type\":\"WebPage\",\"@id\":\"https:\\\/\\\/ungedient.de\\\/blog\\\/reservist-werden\\\/\",\"url\":\"https:\\\/\\\/ungedient.de\\\/blog\\\/reservist-werden\\\/\",\"name\":\"Reise &#8226; UNgedient.\",\"isPartOf\":{\"@id\":\"https:\\\/\\\/ungedient.de\\\/blog\\\/#website\"},\"primaryImageOfPage\":{\"@id\":\"https:\\\/\\\/ungedient.de\\\/blog\\\/reservist-werden\\\/#primaryimage\"},\"image\":{\"@id\":\"https:\\\/\\\/ungedient.de\\\/blog\\\/reservist-werden\\\/#primaryimage\"},\"thumbnailUrl\":\"https:\\\/\\\/ungedient.de\\\/blog\\\/wp-content\\\/uploads\\\/2023\\\/08\\\/titelbildblog.jpg\",\"datePublished\":\"2024-05-24T19:11:53+00:00\",\"dateModified\":\"2024-05-24T21:12:42+00:00\",\"breadcrumb\":{\"@id\":\"https:\\\/\\\/ungedient.de\\\/blog\\\/reservist-werden\\\/#breadcrumb\"},\"inLanguage\":\"de\",\"potentialAction\":[{\"@type\":\"ReadAction\",\"target\":[\"https:\\\/\\\/ungedient.de\\\/blog\\\/reservist-werden\\\/\"]}]},{\"@type\":\"ImageObject\",\"inLanguage\":\"de\",\"@id\":\"https:\\\/\\\/ungedient.de\\\/blog\\\/reservist-werden\\\/#primaryimage\",\"url\":\"https:\\\/\\\/ungedient.de\\\/blog\\\/wp-content\\\/uploads\\\/2023\\\/08\\\/titelbildblog.jpg\",\"contentUrl\":\"https:\\\/\\\/ungedient.de\\\/blog\\\/wp-content\\\/uploads\\\/2023\\\/08\\\/titelbildblog.jpg\",\"width\":1200,\"height\":675},{\"@type\":\"BreadcrumbList\",\"@id\":\"https:\\\/\\\/ungedient.de\\\/blog\\\/reservist-werden\\\/#breadcrumb\",\"itemListElement\":[{\"@type\":\"ListItem\",\"position\":1,\"name\":\"Startseite\",\"item\":\"https:\\\/\\\/ungedient.de\\\/blog\\\/\"},{\"@type\":\"ListItem\",\"position\":2,\"name\":\"Reise\"}]},{\"@type\":\"WebSite\",\"@id\":\"https:\\\/\\\/ungedient.de\\\/blog\\\/#website\",\"url\":\"https:\\\/\\\/ungedient.de\\\/blog\\\/\",\"name\":\"UNgedient. Vom Ungedienten zur Bundeswehr.\",\"description\":\"Dein Weg in die Reserve der Bundeswehr\",\"publisher\":{\"@id\":\"https:\\\/\\\/ungedient.de\\\/blog\\\/#organization\"},\"alternateName\":\"Ausbildung f\u00fcr Ungediente\",\"potentialAction\":[{\"@type\":\"SearchAction\",\"target\":{\"@type\":\"EntryPoint\",\"urlTemplate\":\"https:\\\/\\\/ungedient.de\\\/blog\\\/?s={search_term_string}\"},\"query-input\":{\"@type\":\"PropertyValueSpecification\",\"valueRequired\":true,\"valueName\":\"search_term_string\"}}],\"inLanguage\":\"de\"},{\"@type\":\"Organization\",\"@id\":\"https:\\\/\\\/ungedient.de\\\/blog\\\/#organization\",\"name\":\"UNgedient. Vom Ungedienten zur Bundeswehr.\",\"alternateName\":\"Ausbildung Ungedienter zum Reservisten der Bundeswehr\",\"url\":\"https:\\\/\\\/ungedient.de\\\/blog\\\/\",\"logo\":{\"@type\":\"ImageObject\",\"inLanguage\":\"de\",\"@id\":\"https:\\\/\\\/ungedient.de\\\/blog\\\/#\\\/schema\\\/logo\\\/image\\\/\",\"url\":\"https:\\\/\\\/ungedient.de\\\/blog\\\/wp-content\\\/uploads\\\/2023\\\/03\\\/ungedient-favicon.jpg\",\"contentUrl\":\"https:\\\/\\\/ungedient.de\\\/blog\\\/wp-content\\\/uploads\\\/2023\\\/03\\\/ungedient-favicon.jpg\",\"width\":520,\"height\":520,\"caption\":\"UNgedient. Vom Ungedienten zur Bundeswehr.\"},\"image\":{\"@id\":\"https:\\\/\\\/ungedient.de\\\/blog\\\/#\\\/schema\\\/logo\\\/image\\\/\"},\"sameAs\":[\"https:\\\/\\\/www.facebook.com\\\/fuchs52y\"]}]}<\/script>\n<!-- \/ Yoast SEO plugin. -->","yoast_head_json":{"title":"Reise &#8226; UNgedient.","robots":{"index":"index","follow":"follow","max-snippet":"max-snippet:-1","max-image-preview":"max-image-preview:large","max-video-preview":"max-video-preview:-1"},"canonical":"https:\/\/ungedient.de\/blog\/reservist-werden\/","og_locale":"de_DE","og_type":"article","og_title":"Reise &#8226; UNgedient.","og_description":"[vc_row][vc_column][vc_empty_space][vc_row_inner el_class=&#8220;toolhead&#8220;][vc_column_inner][vc_raw_html css=&#8220;&#8220;]JTNDZGl2JTIwY2xhc3MlM0QlMjJsb2dvJTIyJTNFJTNDYSUyMGhyZWYlM0QlMjJodHRwcyUzQSUyRiUyRnVuZ2VkaWVudC5kZSUyRmJsb2clMkYlMjIlM0UlM0NpbWclMjBzcmMlM0QlMjJodHRwcyUzQSUyRiUyRnVuZ2VkaWVudC5kZSUyRmJsb2clMkZ3cC1jb250ZW50JTJGdXBsb2FkcyUyRjIwMjMlMkYwMiUyRnVuZ2VkaWVudC1sb2dvLXctMS5zdmclMjIlMjBhbHQlM0QlMjJVTmdlZGllbnQuJTIyJTIwd2lkdGglM0QlMjIxNTglMjIlMjBoZWlnaHQlM0QlMjIwJTIyJTNFJTNDJTJGYSUzRSUzQyUyRmRpdiUzRQ==[\/vc_raw_html][\/vc_column_inner][\/vc_row_inner][vc_column_text css=&#8220;&#8220; el_class=&#8220;toolhead&#8220;]Hier erf\u00e4hrst du auf einer Seite das Wichtigste \u00fcber die \u201eAusbildung f\u00fcr Ungediente\u201c.[\/vc_column_text][vc_row_inner equal_height=&#8220;yes&#8220; content_placement=&#8220;top&#8220; gap=&#8220;15&#8243;][vc_column_inner width=&#8220;1\/2&#8243; el_id=&#8220;zeitstrahly&#8220; css=&#8220;.vc_custom_1716582329846{border-top-width: 2px !important;border-bottom-width:...","og_url":"https:\/\/ungedient.de\/blog\/reservist-werden\/","og_site_name":"UNgedient.","article_publisher":"https:\/\/www.facebook.com\/fuchs52y","article_modified_time":"2024-05-24T21:12:42+00:00","og_image":[{"width":1200,"height":675,"url":"https:\/\/ungedient.de\/blog\/wp-content\/uploads\/2023\/08\/titelbildblog.jpg","type":"image\/jpeg"}],"twitter_card":"summary_large_image","twitter_misc":{"Gesch\u00e4tzte Lesezeit":"4\u00a0Minuten"},"schema":{"@context":"https:\/\/schema.org","@graph":[{"@type":"WebPage","@id":"https:\/\/ungedient.de\/blog\/reservist-werden\/","url":"https:\/\/ungedient.de\/blog\/reservist-werden\/","name":"Reise &#8226; UNgedient.","isPartOf":{"@id":"https:\/\/ungedient.de\/blog\/#website"},"primaryImageOfPage":{"@id":"https:\/\/ungedient.de\/blog\/reservist-werden\/#primaryimage"},"image":{"@id":"https:\/\/ungedient.de\/blog\/reservist-werden\/#primaryimage"},"thumbnailUrl":"https:\/\/ungedient.de\/blog\/wp-content\/uploads\/2023\/08\/titelbildblog.jpg","datePublished":"2024-05-24T19:11:53+00:00","dateModified":"2024-05-24T21:12:42+00:00","breadcrumb":{"@id":"https:\/\/ungedient.de\/blog\/reservist-werden\/#breadcrumb"},"inLanguage":"de","potentialAction":[{"@type":"ReadAction","target":["https:\/\/ungedient.de\/blog\/reservist-werden\/"]}]},{"@type":"ImageObject","inLanguage":"de","@id":"https:\/\/ungedient.de\/blog\/reservist-werden\/#primaryimage","url":"https:\/\/ungedient.de\/blog\/wp-content\/uploads\/2023\/08\/titelbildblog.jpg","contentUrl":"https:\/\/ungedient.de\/blog\/wp-content\/uploads\/2023\/08\/titelbildblog.jpg","width":1200,"height":675},{"@type":"BreadcrumbList","@id":"https:\/\/ungedient.de\/blog\/reservist-werden\/#breadcrumb","itemListElement":[{"@type":"ListItem","position":1,"name":"Startseite","item":"https:\/\/ungedient.de\/blog\/"},{"@type":"ListItem","position":2,"name":"Reise"}]},{"@type":"WebSite","@id":"https:\/\/ungedient.de\/blog\/#website","url":"https:\/\/ungedient.de\/blog\/","name":"UNgedient. Vom Ungedienten zur Bundeswehr.","description":"Dein Weg in die Reserve der Bundeswehr","publisher":{"@id":"https:\/\/ungedient.de\/blog\/#organization"},"alternateName":"Ausbildung f\u00fcr Ungediente","potentialAction":[{"@type":"SearchAction","target":{"@type":"EntryPoint","urlTemplate":"https:\/\/ungedient.de\/blog\/?s={search_term_string}"},"query-input":{"@type":"PropertyValueSpecification","valueRequired":true,"valueName":"search_term_string"}}],"inLanguage":"de"},{"@type":"Organization","@id":"https:\/\/ungedient.de\/blog\/#organization","name":"UNgedient. Vom Ungedienten zur Bundeswehr.","alternateName":"Ausbildung Ungedienter zum Reservisten der Bundeswehr","url":"https:\/\/ungedient.de\/blog\/","logo":{"@type":"ImageObject","inLanguage":"de","@id":"https:\/\/ungedient.de\/blog\/#\/schema\/logo\/image\/","url":"https:\/\/ungedient.de\/blog\/wp-content\/uploads\/2023\/03\/ungedient-favicon.jpg","contentUrl":"https:\/\/ungedient.de\/blog\/wp-content\/uploads\/2023\/03\/ungedient-favicon.jpg","width":520,"height":520,"caption":"UNgedient. Vom Ungedienten zur Bundeswehr."},"image":{"@id":"https:\/\/ungedient.de\/blog\/#\/schema\/logo\/image\/"},"sameAs":["https:\/\/www.facebook.com\/fuchs52y"]}]}},"_links":{"self":[{"href":"https:\/\/ungedient.de\/blog\/wp-json\/wp\/v2\/pages\/3888","targetHints":{"allow":["GET"]}}],"collection":[{"href":"https:\/\/ungedient.de\/blog\/wp-json\/wp\/v2\/pages"}],"about":[{"href":"https:\/\/ungedient.de\/blog\/wp-json\/wp\/v2\/types\/page"}],"author":[{"embeddable":true,"href":"https:\/\/ungedient.de\/blog\/wp-json\/wp\/v2\/users\/1"}],"replies":[{"embeddable":true,"href":"https:\/\/ungedient.de\/blog\/wp-json\/wp\/v2\/comments?post=3888"}],"version-history":[{"count":0,"href":"https:\/\/ungedient.de\/blog\/wp-json\/wp\/v2\/pages\/3888\/revisions"}],"wp:featuredmedia":[{"embeddable":true,"href":"https:\/\/ungedient.de\/blog\/wp-json\/wp\/v2\/media\/2506"}],"wp:attachment":[{"href":"https:\/\/ungedient.de\/blog\/wp-json\/wp\/v2\/media?parent=3888"}],"curies":[{"name":"wp","href":"https:\/\/api.w.org\/{rel}","templated":true}]}}